{"id":7641,"date":"2022-03-18T15:25:27","date_gmt":"2022-03-18T14:25:27","guid":{"rendered":"https:\/\/nicolsport.pl\/?page_id=7641"},"modified":"2024-07-05T09:49:11","modified_gmt":"2024-07-05T07:49:11","slug":"platnosc-i-dostawa","status":"publish","type":"page","link":"https:\/\/nicolsport.pl\/en\/platnosc-i-dostawa\/","title":{"rendered":"Payment and delivery"},"content":{"rendered":"<h4>Shipping methods and fees<\/h4>\n<table width=\"688\">\n<tbody>\n<tr>\n<td colspan=\"4\"><strong>We deliver parcels according to the following rules:<\/strong><\/td>\n<\/tr>\n<tr>\n<td><strong>Delivery method<\/strong><\/td>\n<td><strong>Delivery time<\/strong><\/td>\n<td colspan=\"2\"><strong>\u00a0shipping cost<\/strong><\/td>\n<\/tr>\n<tr>\n<td rowspan=\"2\">Polish Post<br \/>\nEconomy shipping<br \/>\n(Payment by bank transfer)<\/td>\n<td rowspan=\"2\">3 business days<\/td>\n<td><\/td>\n<td><\/td>\n<\/tr>\n<tr>\n<td><\/td>\n<td>16.00 PLN<\/td>\n<\/tr>\n<tr>\n<td rowspan=\"2\">Polish Post<br \/>\nEconomy shipping<br \/>\n(Cash on delivery)<\/td>\n<td rowspan=\"2\">3 business days<\/td>\n<td><\/td>\n<td><\/td>\n<\/tr>\n<tr>\n<td><\/td>\n<td>25.00 PLN<\/td>\n<\/tr>\n<tr>\n<td rowspan=\"2\">Courier mail<br \/>\n(Payment by bank transfer)<\/td>\n<td rowspan=\"2\">24 hours<br \/>\non working days<\/td>\n<td><\/td>\n<td><\/td>\n<\/tr>\n<tr>\n<td><\/td>\n<td>25.00 PLN<\/td>\n<\/tr>\n<tr>\n<td rowspan=\"2\">Courier mail<br \/>\n(Cash on delivery)<\/td>\n<td rowspan=\"2\">24 hours<br \/>\non working days<\/td>\n<td><\/td>\n<td><\/td>\n<\/tr>\n<tr>\n<td><\/td>\n<td>35.00 PLN<\/td>\n<\/tr>\n<\/tbody>\n<\/table>\n<h4><\/h4>","protected":false},"excerpt":{"rendered":"<p>Formy przesy\u0142ki i op\u0142aty Przesy\u0142ki dostarczamy wg nast\u0119puj\u0105cych zasad: Spos\u00f3b dostawy Czas dostawy \u00a0koszt dostawy Poczta Polska Przesy\u0142ka ekonomiczna (P\u0142atno\u015b\u0107 przelewem) 3 dni robocze 16,00 z\u0142 Poczta Polska Przesy\u0142ka ekonomiczna (P\u0142atno\u015b\u0107 przy odbiorze) 3 dni robocze 25,00 z\u0142 Poczta kurierska (P\u0142atno\u015b\u0107 przelewem) 24 h w dni robocze 25,00 z\u0142 Poczta kurierska (P\u0142atno\u015b\u0107 przy odbiorze) 24 [&hellip;]<\/p>\n","protected":false},"author":948,"featured_media":0,"parent":0,"menu_order":0,"comment_status":"closed","ping_status":"closed","template":"","meta":{"_uag_custom_page_level_css":"","site-sidebar-layout":"default","site-content-layout":"","ast-site-content-layout":"default","site-content-style":"default","site-sidebar-style":"default","ast-global-header-display":"","ast-banner-title-visibility":"","ast-main-header-display":"","ast-hfb-above-header-display":"","ast-hfb-below-header-display":"","ast-hfb-mobile-header-display":"","site-post-title":"","ast-breadcrumbs-content":"","ast-featured-img":"","footer-sml-layout":"","ast-disable-related-posts":"","theme-transparent-header-meta":"","adv-header-id-meta":"","stick-header-meta":"","header-above-stick-meta":"","header-main-stick-meta":"","header-below-stick-meta":"","astra-migrate-meta-layouts":"default","ast-page-background-enabled":"default","ast-page-background-meta":{"desktop":{"background-color":"","background-image":"","background-repeat":"repeat","background-position":"center center","background-size":"auto","background-attachment":"scroll","background-type":"","background-media":"","overlay-type":"","overlay-color":"","overlay-opacity":"","overlay-gradient":""},"tablet":{"background-color":"","background-image":"","background-repeat":"repeat","background-position":"center center","background-size":"auto","background-attachment":"scroll","background-type":"","background-media":"","overlay-type":"","overlay-color":"","overlay-opacity":"","overlay-gradient":""},"mobile":{"background-color":"","background-image":"","background-repeat":"repeat","background-position":"center center","background-size":"auto","background-attachment":"scroll","background-type":"","background-media":"","overlay-type":"","overlay-color":"","overlay-opacity":"","overlay-gradient":""}},"ast-content-background-meta":{"desktop":{"background-color":"var(--ast-global-color-5)","background-image":"","background-repeat":"repeat","background-position":"center center","background-size":"auto","background-attachment":"scroll","background-type":"","background-media":"","overlay-type":"","overlay-color":"","overlay-opacity":"","overlay-gradient":""},"tablet":{"background-color":"var(--ast-global-color-5)","background-image":"","background-repeat":"repeat","background-position":"center center","background-size":"auto","background-attachment":"scroll","background-type":"","background-media":"","overlay-type":"","overlay-color":"","overlay-opacity":"","overlay-gradient":""},"mobile":{"background-color":"var(--ast-global-color-5)","background-image":"","background-repeat":"repeat","background-position":"center center","background-size":"auto","background-attachment":"scroll","background-type":"","background-media":"","overlay-type":"","overlay-color":"","overlay-opacity":"","overlay-gradient":""}},"footnotes":""},"class_list":["post-7641","page","type-page","status-publish","hentry"],"uagb_featured_image_src":{"full":false,"thumbnail":false,"medium":false,"medium_large":false,"large":false,"gs-tiny":false,"xl":false,"xxl":false,"xxxl":false,"xxxxl":false,"xxxxxl":false,"1536x1536":false,"2048x2048":false,"trp-custom-language-flag":false,"woocommerce_thumbnail":false,"woocommerce_single":false,"woocommerce_gallery_thumbnail":false,"variation_swatches_image_size":false,"variation_swatches_tooltip_size":false,"dgwt-wcas-product-suggestion":false},"uagb_author_info":{"display_name":"Kamil Kondras","author_link":"https:\/\/nicolsport.pl\/en\/author\/netmonster\/"},"uagb_comment_info":0,"uagb_excerpt":"Formy przesy\u0142ki i op\u0142aty Przesy\u0142ki dostarczamy wg nast\u0119puj\u0105cych zasad: Spos\u00f3b dostawy Czas dostawy \u00a0koszt dostawy Poczta Polska Przesy\u0142ka ekonomiczna (P\u0142atno\u015b\u0107 przelewem) 3 dni robocze 16,00 z\u0142 Poczta Polska Przesy\u0142ka ekonomiczna (P\u0142atno\u015b\u0107 przy odbiorze) 3 dni robocze 25,00 z\u0142 Poczta kurierska (P\u0142atno\u015b\u0107 przelewem) 24 h w dni robocze 25,00 z\u0142 Poczta kurierska (P\u0142atno\u015b\u0107 przy odbiorze) 24&hellip;","_links":{"self":[{"href":"https:\/\/nicolsport.pl\/en\/wp-json\/wp\/v2\/pages\/7641","targetHints":{"allow":["GET"]}}],"collection":[{"href":"https:\/\/nicolsport.pl\/en\/wp-json\/wp\/v2\/pages"}],"about":[{"href":"https:\/\/nicolsport.pl\/en\/wp-json\/wp\/v2\/types\/page"}],"author":[{"embeddable":true,"href":"https:\/\/nicolsport.pl\/en\/wp-json\/wp\/v2\/users\/948"}],"replies":[{"embeddable":true,"href":"https:\/\/nicolsport.pl\/en\/wp-json\/wp\/v2\/comments?post=7641"}],"version-history":[{"count":1,"href":"https:\/\/nicolsport.pl\/en\/wp-json\/wp\/v2\/pages\/7641\/revisions"}],"predecessor-version":[{"id":8503,"href":"https:\/\/nicolsport.pl\/en\/wp-json\/wp\/v2\/pages\/7641\/revisions\/8503"}],"wp:attachment":[{"href":"https:\/\/nicolsport.pl\/en\/wp-json\/wp\/v2\/media?parent=7641"}],"curies":[{"name":"wp","href":"https:\/\/api.w.org\/{rel}","templated":true}]}}