{"id":7801,"date":"2022-04-23T20:04:56","date_gmt":"2022-04-23T18:04:56","guid":{"rendered":"https:\/\/nicolsport.pl\/?page_id=7801"},"modified":"2026-02-02T14:36:39","modified_gmt":"2026-02-02T13:36:39","slug":"strona-glowna-2","status":"publish","type":"page","link":"https:\/\/nicolsport.pl\/en\/","title":{"rendered":"Home page"},"content":{"rendered":"<div class=\"wp-block-uagb-container uagb-block-1bac9494 alignfull uagb-is-root-container\"><div class=\"uagb-container-inner-blocks-wrap\">\n<div class=\"wp-block-uagb-container uagb-block-59fe04d7\">\n<h1 class=\"wp-block-heading has-text-color\" style=\"color:#ffffff;font-size:30px\">Weapons, clothes<br>and fencing equipment<br>highest quality<\/h1>\n\n\n\n<div style=\"height:50px\" aria-hidden=\"true\" class=\"wp-block-spacer\"><\/div>\n\n\n\n<div class=\"wp-block-buttons is-layout-flex wp-block-buttons-is-layout-flex\">\n<div class=\"wp-block-button is-style-fill\"><a class=\"wp-block-button__link has-ast-global-color-5-color has-text-color has-medium-font-size has-custom-font-size wp-element-button\" href=\"\/en\/sklep\/\" style=\"border-radius:50px\">enter the store<\/a><\/div>\n<\/div>\n\n\n\n<div style=\"height:20px\" aria-hidden=\"true\" class=\"wp-block-spacer\"><\/div>\n<\/div>\n<\/div><\/div>\n\n\n\n<div class=\"wp-block-uagb-container uagb-block-142115a9 alignwide uagb-is-root-container\">\n<div class=\"wp-block-uagb-container uagb-block-d43ada45\">\n<div class=\"wp-block-cover has-custom-content-position is-position-top-left\" style=\"min-height:400px;aspect-ratio:unset;\"><img loading=\"lazy\" decoding=\"async\" width=\"800\" height=\"500\" class=\"wp-block-cover__image-background wp-image-8121\" alt=\"\" src=\"https:\/\/nicolsport.pl\/wp-content\/uploads\/2022\/05\/nicolsport-szyte-na-miare.webp\" data-object-fit=\"cover\" srcset=\"https:\/\/nicolsport.pl\/wp-content\/uploads\/2022\/05\/nicolsport-szyte-na-miare.webp 800w, https:\/\/nicolsport.pl\/wp-content\/uploads\/2022\/05\/nicolsport-szyte-na-miare-768x480.webp 768w, https:\/\/nicolsport.pl\/wp-content\/uploads\/2022\/05\/nicolsport-szyte-na-miare-600x375.webp 600w, https:\/\/nicolsport.pl\/wp-content\/uploads\/2022\/05\/nicolsport-szyte-na-miare-64x40.webp 64w\" sizes=\"auto, (max-width: 800px) 100vw, 800px\" \/><span aria-hidden=\"true\" class=\"wp-block-cover__background has-background-dim-30 has-background-dim\"><\/span><div class=\"wp-block-cover__inner-container is-layout-flow wp-block-cover-is-layout-flow\">\n<h3 class=\"wp-block-heading has-text-align-center has-ast-global-color-5-color has-text-color has-large-font-size\"><strong>Tailor-made products<\/strong><\/h3>\n\n\n\n<p class=\"has-ast-global-color-5-color has-text-color has-link-color has-medium-font-size wp-elements-09007b56539126aca98922466d6846c7\">We have our own sewing room <br>and we can make any product <br>upon individual request.<\/p>\n\n\n\n<div class=\"wp-block-buttons is-content-justification-left is-layout-flex wp-container-core-buttons-is-layout-fc4fd283 wp-block-buttons-is-layout-flex\">\n<div class=\"wp-block-button has-custom-width wp-block-button__width-50 is-style-outline is-style-outline--1\"><a class=\"wp-block-button__link has-ast-global-color-5-color has-text-color wp-element-button\">Look<\/a><\/div>\n<\/div>\n<\/div><\/div>\n<\/div>\n\n\n\n<div class=\"wp-block-uagb-container uagb-block-14b61443\">\n<div class=\"wp-block-cover has-custom-content-position is-position-top-left\" style=\"min-height:400px;aspect-ratio:unset;\"><img loading=\"lazy\" decoding=\"async\" width=\"800\" height=\"500\" class=\"wp-block-cover__image-background wp-image-8120\" alt=\"\" src=\"https:\/\/nicolsport.pl\/wp-content\/uploads\/2022\/05\/nicolsport-odziez-z-nadrukiem.webp\" style=\"object-position:44% 63%\" data-object-fit=\"cover\" data-object-position=\"44% 63%\" srcset=\"https:\/\/nicolsport.pl\/wp-content\/uploads\/2022\/05\/nicolsport-odziez-z-nadrukiem.webp 800w, https:\/\/nicolsport.pl\/wp-content\/uploads\/2022\/05\/nicolsport-odziez-z-nadrukiem-768x480.webp 768w, https:\/\/nicolsport.pl\/wp-content\/uploads\/2022\/05\/nicolsport-odziez-z-nadrukiem-600x375.webp 600w, https:\/\/nicolsport.pl\/wp-content\/uploads\/2022\/05\/nicolsport-odziez-z-nadrukiem-64x40.webp 64w\" sizes=\"auto, (max-width: 800px) 100vw, 800px\" \/><span aria-hidden=\"true\" class=\"wp-block-cover__background has-background-dim-30 has-background-dim\" style=\"background-color:#000000\"><\/span><div class=\"wp-block-cover__inner-container is-layout-flow wp-block-cover-is-layout-flow\">\n<h3 class=\"wp-block-heading has-text-align-center has-text-color has-large-font-size\" style=\"color:#ffffff\"><strong>Printed clothing<\/strong><\/h3>\n\n\n\n<p class=\"has-ast-global-color-5-color has-text-color has-link-color has-medium-font-size wp-elements-f31db34dc1dbb97db659a32393e4bdfa\">T-shirts, sweatshirts, hats, shirts, <br>leggings, towels, bags<br>with your own print or embroidery.<\/p>\n\n\n\n<div class=\"wp-block-buttons is-content-justification-left is-layout-flex wp-container-core-buttons-is-layout-fc4fd283 wp-block-buttons-is-layout-flex\">\n<div class=\"wp-block-button has-custom-width wp-block-button__width-50 is-style-outline is-style-outline--2\"><a class=\"wp-block-button__link has-ast-global-color-5-color has-text-color wp-element-button\" href=\"\/en\/kategoria\/odziez-sportowa\/\">Look<\/a><\/div>\n<\/div>\n<\/div><\/div>\n<\/div>\n\n\n\n<div class=\"wp-block-uagb-container uagb-block-6cbc15e7\">\n<div class=\"wp-block-cover has-custom-content-position is-position-top-left\" style=\"min-height:400px;aspect-ratio:unset;\"><img loading=\"lazy\" decoding=\"async\" width=\"1024\" height=\"682\" class=\"wp-block-cover__image-background wp-image-8117\" alt=\"\" src=\"https:\/\/nicolsport.pl\/wp-content\/uploads\/2022\/05\/nicolsport_bron.png\" style=\"object-position:44% 63%\" data-object-fit=\"cover\" data-object-position=\"44% 63%\" srcset=\"https:\/\/nicolsport.pl\/wp-content\/uploads\/2022\/05\/nicolsport_bron.png 1024w, https:\/\/nicolsport.pl\/wp-content\/uploads\/2022\/05\/nicolsport_bron-768x512.png 768w, https:\/\/nicolsport.pl\/wp-content\/uploads\/2022\/05\/nicolsport_bron-600x400.png 600w, https:\/\/nicolsport.pl\/wp-content\/uploads\/2022\/05\/nicolsport_bron-64x43.png 64w\" sizes=\"auto, (max-width: 1024px) 100vw, 1024px\" \/><span aria-hidden=\"true\" class=\"wp-block-cover__background has-background-dim-30 has-background-dim\" style=\"background-color:#000000\"><\/span><div class=\"wp-block-cover__inner-container is-layout-flow wp-block-cover-is-layout-flow\">\n<h3 class=\"wp-block-heading has-text-align-left has-text-color has-large-font-size\" style=\"color:#ffffff\"><strong>Weapons, Blades and Accessories<\/strong><\/h3>\n\n\n\n<p class=\"has-medium-font-size\">We have a wide range of accessories<br> for epee, foil and sabre.<\/p>\n\n\n\n<div class=\"wp-block-buttons is-content-justification-left is-layout-flex wp-container-core-buttons-is-layout-fc4fd283 wp-block-buttons-is-layout-flex\">\n<div class=\"wp-block-button has-custom-width wp-block-button__width-50 is-style-outline is-style-outline--3\"><a class=\"wp-block-button__link has-ast-global-color-5-color has-text-color wp-element-button\" href=\"\/en\/kategoria\/floret\/\">Look<\/a><\/div>\n<\/div>\n<\/div><\/div>\n<\/div>\n<\/div>\n\n\n\n<h2 class=\"wp-block-heading alignfull has-text-align-center has-vivid-green-cyan-color has-ast-global-color-8-background-color has-text-color has-background\">Featured Categories<\/h2>\n\n\n\n<div class=\"inherit-container-width wp-block-group alignfull has-ast-global-color-8-background-color has-background is-layout-constrained wp-block-group-is-layout-constrained\"><div class=\"wp-block-group__inner-container\">\n<div class=\"wp-block-columns are-vertically-aligned-center is-layout-flex wp-container-core-columns-is-layout-28f84493 wp-block-columns-is-layout-flex\">\n<div class=\"wp-block-column is-vertically-aligned-center is-layout-flow wp-block-column-is-layout-flow\">\n<div class=\"wp-block-cover has-custom-content-position is-position-bottom-center\" style=\"min-height:400px;aspect-ratio:unset;\"><img loading=\"lazy\" decoding=\"async\" width=\"800\" height=\"800\" class=\"wp-block-cover__image-background wp-image-8078\" alt=\"\" src=\"https:\/\/nicolsport.pl\/wp-content\/uploads\/2022\/05\/kategoria-ubrania.webp\" data-object-fit=\"cover\" srcset=\"https:\/\/nicolsport.pl\/wp-content\/uploads\/2022\/05\/kategoria-ubrania.webp 800w, https:\/\/nicolsport.pl\/wp-content\/uploads\/2022\/05\/kategoria-ubrania-768x768.webp 768w, https:\/\/nicolsport.pl\/wp-content\/uploads\/2022\/05\/kategoria-ubrania-350x350.webp 350w, https:\/\/nicolsport.pl\/wp-content\/uploads\/2022\/05\/kategoria-ubrania-600x600.webp 600w, https:\/\/nicolsport.pl\/wp-content\/uploads\/2022\/05\/kategoria-ubrania-100x100.webp 100w, https:\/\/nicolsport.pl\/wp-content\/uploads\/2022\/05\/kategoria-ubrania-64x64.webp 64w\" sizes=\"auto, (max-width: 800px) 100vw, 800px\" \/><span aria-hidden=\"true\" class=\"wp-block-cover__background has-background-dim-0 has-background-dim\" style=\"background-color:#000000\"><\/span><div class=\"wp-block-cover__inner-container is-layout-flow wp-block-cover-is-layout-flow\">\n<h3 class=\"wp-block-heading has-text-align-center has-ast-global-color-5-color has-text-color\"><a href=\"\/en\/kategoria\/stroje-szermiercze\/ubrania\/\">Fencing clothes<\/a><\/h3>\n\n\n\n<div class=\"wp-block-buttons is-content-justification-center is-layout-flex wp-container-core-buttons-is-layout-a89b3969 wp-block-buttons-is-layout-flex\">\n<div class=\"wp-block-button has-custom-width wp-block-button__width-75 is-style-outline is-style-outline--4\"><a class=\"wp-block-button__link has-ast-global-color-5-color has-text-color wp-element-button\" href=\"\/en\/kategoria\/stroje-szermiercze\/ubrania\/\">Look<\/a><\/div>\n<\/div>\n<\/div><\/div>\n<\/div>\n\n\n\n<div class=\"wp-block-column is-vertically-aligned-center is-layout-flow wp-block-column-is-layout-flow\">\n<div class=\"wp-block-cover has-custom-content-position is-position-bottom-center\" style=\"min-height:400px;aspect-ratio:unset;\"><img loading=\"lazy\" decoding=\"async\" width=\"800\" height=\"800\" class=\"wp-block-cover__image-background wp-image-8080\" alt=\"\" src=\"https:\/\/nicolsport.pl\/wp-content\/uploads\/2022\/05\/kategoria-maski.webp\" style=\"object-position:44% 63%\" data-object-fit=\"cover\" data-object-position=\"44% 63%\" srcset=\"https:\/\/nicolsport.pl\/wp-content\/uploads\/2022\/05\/kategoria-maski.webp 800w, https:\/\/nicolsport.pl\/wp-content\/uploads\/2022\/05\/kategoria-maski-768x768.webp 768w, https:\/\/nicolsport.pl\/wp-content\/uploads\/2022\/05\/kategoria-maski-350x350.webp 350w, https:\/\/nicolsport.pl\/wp-content\/uploads\/2022\/05\/kategoria-maski-600x600.webp 600w, https:\/\/nicolsport.pl\/wp-content\/uploads\/2022\/05\/kategoria-maski-100x100.webp 100w, https:\/\/nicolsport.pl\/wp-content\/uploads\/2022\/05\/kategoria-maski-64x64.webp 64w\" sizes=\"auto, (max-width: 800px) 100vw, 800px\" \/><span aria-hidden=\"true\" class=\"wp-block-cover__background has-background-dim-0 has-background-dim\" style=\"background-color:#000000\"><\/span><div class=\"wp-block-cover__inner-container is-layout-flow wp-block-cover-is-layout-flow\">\n<h3 class=\"wp-block-heading has-text-align-center has-text-color\" style=\"color:#ffffff\">Fencing masks<\/h3>\n\n\n\n<div class=\"wp-block-buttons is-content-justification-center is-layout-flex wp-container-core-buttons-is-layout-a89b3969 wp-block-buttons-is-layout-flex\">\n<div class=\"wp-block-button has-custom-width wp-block-button__width-75 is-style-outline is-style-outline--5\"><a class=\"wp-block-button__link has-ast-global-color-5-color has-text-color wp-element-button\" href=\"\/en\/kategoria\/stroje-szermiercze\/maski\/\">Look<\/a><\/div>\n<\/div>\n<\/div><\/div>\n<\/div>\n\n\n\n<div class=\"wp-block-column is-vertically-aligned-center is-layout-flow wp-block-column-is-layout-flow\">\n<div class=\"wp-block-cover has-custom-content-position is-position-bottom-center\" style=\"min-height:400px;aspect-ratio:unset;\"><img decoding=\"async\" class=\"wp-block-cover__image-background wp-image-8081\" alt=\"\" src=\"https:\/\/nicolsport.pl\/wp-content\/uploads\/2022\/05\/kategoria-buty.webp\" style=\"object-position:44% 63%\" data-object-fit=\"cover\" data-object-position=\"44% 63%\"\/><span aria-hidden=\"true\" class=\"wp-block-cover__background has-background-dim-0 has-background-dim\" style=\"background-color:#000000\"><\/span><div class=\"wp-block-cover__inner-container is-layout-flow wp-block-cover-is-layout-flow\">\n<h3 class=\"wp-block-heading has-text-align-center has-text-color\" style=\"color:#ffffff\">Fencing shoes<\/h3>\n\n\n\n<div class=\"wp-block-buttons is-content-justification-center is-layout-flex wp-container-core-buttons-is-layout-a89b3969 wp-block-buttons-is-layout-flex\">\n<div class=\"wp-block-button has-custom-width wp-block-button__width-75 is-style-outline is-style-outline--6\"><a class=\"wp-block-button__link has-ast-global-color-5-color has-text-color wp-element-button\" href=\"\/en\/kategoria\/stroje-szermiercze\/buty\/\">Look<\/a><\/div>\n<\/div>\n<\/div><\/div>\n<\/div>\n<\/div>\n\n\n\n<div class=\"wp-block-columns are-vertically-aligned-center is-layout-flex wp-container-core-columns-is-layout-28f84493 wp-block-columns-is-layout-flex\">\n<div class=\"wp-block-column is-vertically-aligned-center is-layout-flow wp-block-column-is-layout-flow\">\n<div class=\"wp-block-cover has-custom-content-position is-position-bottom-center\" style=\"min-height:400px;aspect-ratio:unset;\"><img decoding=\"async\" class=\"wp-block-cover__image-background wp-image-8079\" alt=\"\" src=\"https:\/\/nicolsport.pl\/wp-content\/uploads\/2022\/05\/kategoria-torby.webp\" style=\"object-position:44% 63%\" data-object-fit=\"cover\" data-object-position=\"44% 63%\"\/><span aria-hidden=\"true\" class=\"wp-block-cover__background has-background-dim-0 has-background-dim\" style=\"background-color:#000000\"><\/span><div class=\"wp-block-cover__inner-container is-layout-flow wp-block-cover-is-layout-flow\">\n<h3 class=\"wp-block-heading has-text-align-center has-text-color\" style=\"color:#ffffff\">Fencing bags<\/h3>\n\n\n\n<div class=\"wp-block-buttons is-content-justification-center is-layout-flex wp-container-core-buttons-is-layout-a89b3969 wp-block-buttons-is-layout-flex\">\n<div class=\"wp-block-button has-custom-width wp-block-button__width-75 is-style-outline is-style-outline--7\"><a class=\"wp-block-button__link has-ast-global-color-5-color has-text-color wp-element-button\" href=\"\/en\/kategoria\/torby\/\">Look<\/a><\/div>\n<\/div>\n<\/div><\/div>\n<\/div>\n\n\n\n<div class=\"wp-block-column is-vertically-aligned-center is-layout-flow wp-block-column-is-layout-flow\">\n<div class=\"wp-block-cover has-custom-content-position is-position-bottom-center\" style=\"min-height:400px;aspect-ratio:unset;\"><img loading=\"lazy\" decoding=\"async\" width=\"800\" height=\"800\" class=\"wp-block-cover__image-background wp-image-8084\" alt=\"\" src=\"https:\/\/nicolsport.pl\/wp-content\/uploads\/2022\/05\/kategoria-koszulki-fillprint.webp\" style=\"object-position:44% 63%\" data-object-fit=\"cover\" data-object-position=\"44% 63%\" srcset=\"https:\/\/nicolsport.pl\/wp-content\/uploads\/2022\/05\/kategoria-koszulki-fillprint.webp 800w, https:\/\/nicolsport.pl\/wp-content\/uploads\/2022\/05\/kategoria-koszulki-fillprint-768x768.webp 768w, https:\/\/nicolsport.pl\/wp-content\/uploads\/2022\/05\/kategoria-koszulki-fillprint-350x350.webp 350w, https:\/\/nicolsport.pl\/wp-content\/uploads\/2022\/05\/kategoria-koszulki-fillprint-600x600.webp 600w, https:\/\/nicolsport.pl\/wp-content\/uploads\/2022\/05\/kategoria-koszulki-fillprint-100x100.webp 100w, https:\/\/nicolsport.pl\/wp-content\/uploads\/2022\/05\/kategoria-koszulki-fillprint-64x64.webp 64w\" sizes=\"auto, (max-width: 800px) 100vw, 800px\" \/><span aria-hidden=\"true\" class=\"wp-block-cover__background has-background-dim-0 has-background-dim\" style=\"background-color:#000000\"><\/span><div class=\"wp-block-cover__inner-container is-layout-flow wp-block-cover-is-layout-flow\">\n<h3 class=\"wp-block-heading has-text-align-center has-text-color\" style=\"color:#ffffff\">Full-print T-shirts<\/h3>\n\n\n\n<div class=\"wp-block-buttons is-content-justification-center is-layout-flex wp-container-core-buttons-is-layout-a89b3969 wp-block-buttons-is-layout-flex\">\n<div class=\"wp-block-button has-custom-width wp-block-button__width-75 is-style-outline is-style-outline--8\"><a class=\"wp-block-button__link has-ast-global-color-5-color has-text-color wp-element-button\" href=\"\/en\/kategoria\/odziez-sportowa\/koszulki-fullprint\/\">Look<\/a><\/div>\n<\/div>\n<\/div><\/div>\n<\/div>\n\n\n\n<div class=\"wp-block-column is-vertically-aligned-center is-layout-flow wp-block-column-is-layout-flow\">\n<div class=\"wp-block-cover has-custom-content-position is-position-bottom-center\" style=\"min-height:400px;aspect-ratio:unset;\"><img decoding=\"async\" class=\"wp-block-cover__image-background wp-image-8052\" alt=\"\" src=\"https:\/\/nicolsport.pl\/wp-content\/uploads\/2022\/05\/kategoria-ubrania.webp\" style=\"object-position:44% 63%\" data-object-fit=\"cover\" data-object-position=\"44% 63%\"\/><span aria-hidden=\"true\" class=\"wp-block-cover__background has-background-dim-0 has-background-dim\" style=\"background-color:#000000\"><\/span><div class=\"wp-block-cover__inner-container is-layout-flow wp-block-cover-is-layout-flow\">\n<h3 class=\"wp-block-heading has-text-align-center has-text-color\" style=\"color:#ffffff\">Fencing clothes<\/h3>\n\n\n\n<div class=\"wp-block-buttons is-content-justification-center is-layout-flex wp-container-core-buttons-is-layout-a89b3969 wp-block-buttons-is-layout-flex\">\n<div class=\"wp-block-button has-custom-width wp-block-button__width-75 is-style-outline is-style-outline--9\"><a class=\"wp-block-button__link has-ast-global-color-5-color has-text-color wp-element-button\" href=\"\/en\/kategoria\/stroje-szermiercze\/ubrania\/\">Look<\/a><\/div>\n<\/div>\n<\/div><\/div>\n<\/div>\n<\/div>\n<\/div><\/div>\n\n\n\n<div class=\"inherit-container-width wp-block-group alignfull has-ast-global-color-8-background-color has-background is-layout-constrained wp-block-group-is-layout-constrained\"><div class=\"wp-block-group__inner-container\">\n<div style=\"height:50px\" aria-hidden=\"true\" class=\"wp-block-spacer\"><\/div>\n<\/div><\/div>\n\n\n\n<div class=\"wp-block-cover alignfull is-position-center-center\" style=\"min-height:750px;aspect-ratio:unset;\"><img loading=\"lazy\" decoding=\"async\" width=\"1920\" height=\"789\" class=\"wp-block-cover__image-background wp-image-7830\" alt=\"\" src=\"https:\/\/nicolsport.pl\/wp-content\/uploads\/2022\/04\/artos.jpg\" style=\"object-position:50% 49%\" data-object-fit=\"cover\" data-object-position=\"50% 49%\" srcset=\"https:\/\/nicolsport.pl\/wp-content\/uploads\/2022\/04\/artos.jpg 1920w, https:\/\/nicolsport.pl\/wp-content\/uploads\/2022\/04\/artos-768x316.jpg 768w, https:\/\/nicolsport.pl\/wp-content\/uploads\/2022\/04\/artos-1600x658.jpg 1600w, https:\/\/nicolsport.pl\/wp-content\/uploads\/2022\/04\/artos-1536x631.jpg 1536w, https:\/\/nicolsport.pl\/wp-content\/uploads\/2022\/04\/artos-600x247.jpg 600w, https:\/\/nicolsport.pl\/wp-content\/uploads\/2022\/04\/artos-64x26.jpg 64w\" sizes=\"auto, (max-width: 1920px) 100vw, 1920px\" \/><span aria-hidden=\"true\" class=\"wp-block-cover__background has-black-background-color has-background-dim-70 has-background-dim\"><\/span><div class=\"wp-block-cover__inner-container is-layout-flow wp-block-cover-is-layout-flow\">\n<div class=\"wp-block-columns alignfull are-vertically-aligned-center is-layout-flex wp-container-core-columns-is-layout-28f84493 wp-block-columns-is-layout-flex\">\n<div class=\"wp-block-column is-vertically-aligned-center is-layout-flow wp-block-column-is-layout-flow\">\n<h2 class=\"wp-block-heading has-text-color\" style=\"color:#ffffff\">NICOL SPORT is the official distributor of ARTOS<\/h2>\n\n\n\n<p class=\"has-text-color\" style=\"color:#d7d7d7;font-size:20px\">We have been producing top quality fencing equipment since 2002. Our many years of experience have allowed us to create a comprehensive offer for both clubs and individual customers. Since 2005, we have been cooperating with a renowned manufacturer of fencing equipment \u2013 ARTOS.<\/p>\n\n\n\n<div class=\"wp-block-buttons is-layout-flex wp-block-buttons-is-layout-flex\"><\/div>\n<\/div>\n\n\n\n<div class=\"wp-block-column is-vertically-aligned-center is-layout-flow wp-block-column-is-layout-flow\">\n<figure class=\"wp-block-embed is-type-video is-provider-youtube wp-block-embed-youtube wp-embed-aspect-16-9 wp-has-aspect-ratio\"><div class=\"wp-block-embed__wrapper\">\n<iframe loading=\"lazy\" title=\"Qualit\u00e4t ist eine Frage des Details. Unser neuer Ma\u00dfanzug auch.\" width=\"500\" height=\"281\" src=\"https:\/\/www.youtube.com\/embed\/0YUv2Lc9RmI?feature=oembed&#038;enablejsapi=1&#038;origin=https:\/\/nicolsport.pl\" frameborder=\"0\" allow=\"accelerometer; autoplay; clipboard-write; encrypted-media; gyroscope; picture-in-picture; web-share\" referrerpolicy=\"strict-origin-when-cross-origin\" allowfullscreen><\/iframe>\n<\/div><\/figure>\n<\/div>\n<\/div>\n<\/div><\/div>\n\n\n\n<p><\/p>","protected":false},"excerpt":{"rendered":"<p>Top quality fencing weapons, clothing and equipment Recommended categories<\/p>","protected":false},"author":948,"featured_media":0,"parent":0,"menu_order":0,"comment_status":"closed","ping_status":"closed","template":"","meta":{"_uag_custom_page_level_css":"","site-sidebar-layout":"no-sidebar","site-content-layout":"page-builder","ast-site-content-layout":"full-width-container","site-content-style":"unboxed","site-sidebar-style":"unboxed","ast-global-header-display":"","ast-banner-title-visibility":"","ast-main-header-display":"","ast-hfb-above-header-display":"","ast-hfb-below-header-display":"","ast-hfb-mobile-header-display":"","site-post-title":"disabled","ast-breadcrumbs-content":"","ast-featured-img":"","footer-sml-layout":"","ast-disable-related-posts":"","theme-transparent-header-meta":"enabled","adv-header-id-meta":"","stick-header-meta":"","header-above-stick-meta":"","header-main-stick-meta":"","header-below-stick-meta":"","astra-migrate-meta-layouts":"set","ast-page-background-enabled":"default","ast-page-background-meta":{"desktop":{"background-color":"","background-image":"","background-repeat":"repeat","background-position":"center center","background-size":"auto","background-attachment":"scroll","background-type":"","background-media":"","overlay-type":"","overlay-color":"","overlay-opacity":"","overlay-gradient":""},"tablet":{"background-color":"","background-image":"","background-repeat":"repeat","background-position":"center center","background-size":"auto","background-attachment":"scroll","background-type":"","background-media":"","overlay-type":"","overlay-color":"","overlay-opacity":"","overlay-gradient":""},"mobile":{"background-color":"","background-image":"","background-repeat":"repeat","background-position":"center center","background-size":"auto","background-attachment":"scroll","background-type":"","background-media":"","overlay-type":"","overlay-color":"","overlay-opacity":"","overlay-gradient":""}},"ast-content-background-meta":{"desktop":{"background-color":"var(--ast-global-color-5)","background-image":"","background-repeat":"repeat","background-position":"center center","background-size":"auto","background-attachment":"scroll","background-type":"","background-media":"","overlay-type":"","overlay-color":"","overlay-opacity":"","overlay-gradient":""},"tablet":{"background-color":"var(--ast-global-color-5)","background-image":"","background-repeat":"repeat","background-position":"center center","background-size":"auto","background-attachment":"scroll","background-type":"","background-media":"","overlay-type":"","overlay-color":"","overlay-opacity":"","overlay-gradient":""},"mobile":{"background-color":"var(--ast-global-color-5)","background-image":"","background-repeat":"repeat","background-position":"center center","background-size":"auto","background-attachment":"scroll","background-type":"","background-media":"","overlay-type":"","overlay-color":"","overlay-opacity":"","overlay-gradient":""}},"footnotes":""},"class_list":["post-7801","page","type-page","status-publish","hentry"],"uagb_featured_image_src":{"full":false,"thumbnail":false,"medium":false,"medium_large":false,"large":false,"gs-tiny":false,"xl":false,"xxl":false,"xxxl":false,"xxxxl":false,"xxxxxl":false,"1536x1536":false,"2048x2048":false,"trp-custom-language-flag":false,"woocommerce_thumbnail":false,"woocommerce_single":false,"woocommerce_gallery_thumbnail":false,"variation_swatches_image_size":false,"variation_swatches_tooltip_size":false,"dgwt-wcas-product-suggestion":false},"uagb_author_info":{"display_name":"Kamil Kondras","author_link":"https:\/\/nicolsport.pl\/en\/author\/netmonster\/"},"uagb_comment_info":0,"uagb_excerpt":"Bro\u0144, ubraniai sprz\u0119t szermierczynajwy\u017cszej jako\u015bci Polecane kategorie","_links":{"self":[{"href":"https:\/\/nicolsport.pl\/en\/wp-json\/wp\/v2\/pages\/7801","targetHints":{"allow":["GET"]}}],"collection":[{"href":"https:\/\/nicolsport.pl\/en\/wp-json\/wp\/v2\/pages"}],"about":[{"href":"https:\/\/nicolsport.pl\/en\/wp-json\/wp\/v2\/types\/page"}],"author":[{"embeddable":true,"href":"https:\/\/nicolsport.pl\/en\/wp-json\/wp\/v2\/users\/948"}],"replies":[{"embeddable":true,"href":"https:\/\/nicolsport.pl\/en\/wp-json\/wp\/v2\/comments?post=7801"}],"version-history":[{"count":46,"href":"https:\/\/nicolsport.pl\/en\/wp-json\/wp\/v2\/pages\/7801\/revisions"}],"predecessor-version":[{"id":10330,"href":"https:\/\/nicolsport.pl\/en\/wp-json\/wp\/v2\/pages\/7801\/revisions\/10330"}],"wp:attachment":[{"href":"https:\/\/nicolsport.pl\/en\/wp-json\/wp\/v2\/media?parent=7801"}],"curies":[{"name":"wp","href":"https:\/\/api.w.org\/{rel}","templated":true}]}}