{"id":944,"date":"2018-09-26T09:12:29","date_gmt":"2018-09-26T07:12:29","guid":{"rendered":"http:\/\/sklepnicol.netmonster.pl\/?page_id=944"},"modified":"2024-07-05T09:49:50","modified_gmt":"2024-07-05T07:49:50","slug":"o-firmie","status":"publish","type":"page","link":"https:\/\/nicolsport.pl\/en\/o-firmie\/","title":{"rendered":"About the Company"},"content":{"rendered":"<p>Since 2002, it has been producing the highest quality fencing equipment. Our many years of experience have allowed us to create a comprehensive offer for both clubs and individual customers. Since 2005, we have been cooperating with a renowned manufacturer of fencing equipment \u2013 ARTOS.<\/p>\n<p>\u00a0<\/p>\n\n\n<div class=\"wp-block-cover\" style=\"min-height:300px;aspect-ratio:unset;\"><span aria-hidden=\"true\" class=\"has-ast-global-color-5-background-color has-background-dim-80 wp-block-cover__gradient-background has-background-dim\"><\/span><img loading=\"lazy\" decoding=\"async\" width=\"1000\" height=\"411\" class=\"wp-block-cover__image-background wp-image-1486\" alt=\"\" src=\"https:\/\/nicolsport.pl\/wp-content\/uploads\/2018\/10\/artos.jpg\" style=\"object-position:36% 100%\" data-object-fit=\"cover\" data-object-position=\"36% 100%\" srcset=\"https:\/\/nicolsport.pl\/wp-content\/uploads\/2018\/10\/artos.jpg 1000w, https:\/\/nicolsport.pl\/wp-content\/uploads\/2018\/10\/artos-600x247.jpg 600w\" sizes=\"auto, (max-width: 1000px) 100vw, 1000px\" \/><div class=\"wp-block-cover__inner-container is-layout-flow wp-block-cover-is-layout-flow\">\n<h3 class=\"has-text-align-center has-text-color wp-block-heading\" style=\"color:#00bbbb\">NICOL SPORT is the official distributor of ARTOS<\/h3>\n\n\n\n<p class=\"has-text-align-center has-ast-global-color-8-color has-text-color\">We have been producing top quality fencing equipment since 2002. Our many years of experience have allowed us to create a comprehensive offer for both clubs and individual customers. Since 2005, we have been cooperating with a renowned manufacturer of fencing equipment \u2013 ARTOS.<\/p>\n<\/div><\/div>","protected":false},"excerpt":{"rendered":"<p>Since 2002, it has been producing the highest quality fencing equipment. Our many years of experience have allowed us to create a comprehensive offer for both clubs and individual customers. Since 2005, we have been cooperating with a renowned manufacturer of fencing equipment \u2013 ARTOS. \u00a0<\/p>","protected":false},"author":1,"featured_media":0,"parent":0,"menu_order":0,"comment_status":"closed","ping_status":"closed","template":"","meta":{"_uag_custom_page_level_css":"","site-sidebar-layout":"default","site-content-layout":"","ast-site-content-layout":"default","site-content-style":"default","site-sidebar-style":"default","ast-global-header-display":"","ast-banner-title-visibility":"","ast-main-header-display":"","ast-hfb-above-header-display":"","ast-hfb-below-header-display":"","ast-hfb-mobile-header-display":"","site-post-title":"","ast-breadcrumbs-content":"","ast-featured-img":"","footer-sml-layout":"","ast-disable-related-posts":"","theme-transparent-header-meta":"","adv-header-id-meta":"","stick-header-meta":"","header-above-stick-meta":"","header-main-stick-meta":"","header-below-stick-meta":"","astra-migrate-meta-layouts":"default","ast-page-background-enabled":"default","ast-page-background-meta":{"desktop":{"background-color":"","background-image":"","background-repeat":"repeat","background-position":"center center","background-size":"auto","background-attachment":"scroll","background-type":"","background-media":"","overlay-type":"","overlay-color":"","overlay-opacity":"","overlay-gradient":""},"tablet":{"background-color":"","background-image":"","background-repeat":"repeat","background-position":"center center","background-size":"auto","background-attachment":"scroll","background-type":"","background-media":"","overlay-type":"","overlay-color":"","overlay-opacity":"","overlay-gradient":""},"mobile":{"background-color":"","background-image":"","background-repeat":"repeat","background-position":"center center","background-size":"auto","background-attachment":"scroll","background-type":"","background-media":"","overlay-type":"","overlay-color":"","overlay-opacity":"","overlay-gradient":""}},"ast-content-background-meta":{"desktop":{"background-color":"var(--ast-global-color-5)","background-image":"","background-repeat":"repeat","background-position":"center center","background-size":"auto","background-attachment":"scroll","background-type":"","background-media":"","overlay-type":"","overlay-color":"","overlay-opacity":"","overlay-gradient":""},"tablet":{"background-color":"var(--ast-global-color-5)","background-image":"","background-repeat":"repeat","background-position":"center center","background-size":"auto","background-attachment":"scroll","background-type":"","background-media":"","overlay-type":"","overlay-color":"","overlay-opacity":"","overlay-gradient":""},"mobile":{"background-color":"var(--ast-global-color-5)","background-image":"","background-repeat":"repeat","background-position":"center center","background-size":"auto","background-attachment":"scroll","background-type":"","background-media":"","overlay-type":"","overlay-color":"","overlay-opacity":"","overlay-gradient":""}},"footnotes":""},"class_list":["post-944","page","type-page","status-publish","hentry"],"uagb_featured_image_src":{"full":false,"thumbnail":false,"medium":false,"medium_large":false,"large":false,"gs-tiny":false,"xl":false,"xxl":false,"xxxl":false,"xxxxl":false,"xxxxxl":false,"1536x1536":false,"2048x2048":false,"trp-custom-language-flag":false,"woocommerce_thumbnail":false,"woocommerce_single":false,"woocommerce_gallery_thumbnail":false,"variation_swatches_image_size":false,"variation_swatches_tooltip_size":false,"dgwt-wcas-product-suggestion":false},"uagb_author_info":{"display_name":"kamil","author_link":"https:\/\/nicolsport.pl\/en\/author\/kamil\/"},"uagb_comment_info":0,"uagb_excerpt":"Od 2002 roku produkuje najwy\u017cszej jako\u015bci sprz\u0119t szermierczy. Nasze wieloletnie do\u015bwiadczenie pozwoli\u0142o nam stworzy\u0107 kompleksow\u0105 ofert\u0119 zar\u00f3wno dla klub\u00f3w jak i odbiorc\u00f3w indywidualnych. Od 2005 wsp\u00f3\u0142pracujemy z\u00a0renomowanym producentem sprz\u0119tu szermierczego &#8211; firm\u0105 ARTOS. \u00a0","_links":{"self":[{"href":"https:\/\/nicolsport.pl\/en\/wp-json\/wp\/v2\/pages\/944","targetHints":{"allow":["GET"]}}],"collection":[{"href":"https:\/\/nicolsport.pl\/en\/wp-json\/wp\/v2\/pages"}],"about":[{"href":"https:\/\/nicolsport.pl\/en\/wp-json\/wp\/v2\/types\/page"}],"author":[{"embeddable":true,"href":"https:\/\/nicolsport.pl\/en\/wp-json\/wp\/v2\/users\/1"}],"replies":[{"embeddable":true,"href":"https:\/\/nicolsport.pl\/en\/wp-json\/wp\/v2\/comments?post=944"}],"version-history":[{"count":1,"href":"https:\/\/nicolsport.pl\/en\/wp-json\/wp\/v2\/pages\/944\/revisions"}],"predecessor-version":[{"id":9477,"href":"https:\/\/nicolsport.pl\/en\/wp-json\/wp\/v2\/pages\/944\/revisions\/9477"}],"wp:attachment":[{"href":"https:\/\/nicolsport.pl\/en\/wp-json\/wp\/v2\/media?parent=944"}],"curies":[{"name":"wp","href":"https:\/\/api.w.org\/{rel}","templated":true}]}}