{"id":204,"date":"2014-07-27T22:10:36","date_gmt":"2014-07-27T20:10:36","guid":{"rendered":"http:\/\/sklepnicol.netmonster.pl\/produkt\/torba-srednia\/"},"modified":"2026-04-16T11:29:39","modified_gmt":"2026-04-16T09:29:39","slug":"torba-srednia","status":"publish","type":"product","link":"https:\/\/nicolsport.pl\/en\/product\/torba-srednia\/","title":{"rendered":"Medium bag"},"content":{"rendered":"","protected":false},"excerpt":{"rendered":"<p>Fencing bag on wheels with an additional pocket inside.<\/p>\n<p>length 115 cm, width: 26 cm.<\/p>\n<p>When ordering, please ask about color availability.<\/p>\n<p>The photos of the bags are examples.<\/p>","protected":false},"featured_media":1431,"comment_status":"closed","ping_status":"closed","template":"","meta":{"_uag_custom_page_level_css":"","site-sidebar-layout":"default","site-content-layout":"default","ast-site-content-layout":"default","site-content-style":"default","site-sidebar-style":"default","ast-global-header-display":"","ast-banner-title-visibility":"","ast-main-header-display":"","ast-hfb-above-header-display":"","ast-hfb-below-header-display":"","ast-hfb-mobile-header-display":"","site-post-title":"","ast-breadcrumbs-content":"","ast-featured-img":"","footer-sml-layout":"","ast-disable-related-posts":"","theme-transparent-header-meta":"default","adv-header-id-meta":"","stick-header-meta":"default","header-above-stick-meta":"","header-main-stick-meta":"","header-below-stick-meta":"","astra-migrate-meta-layouts":"set","ast-page-background-enabled":"default","ast-page-background-meta":{"desktop":{"background-color":"","background-image":"","background-repeat":"repeat","background-position":"center center","background-size":"auto","background-attachment":"scroll","background-type":"","background-media":"","overlay-type":"","overlay-color":"","overlay-opacity":"","overlay-gradient":""},"tablet":{"background-color":"","background-image":"","background-repeat":"repeat","background-position":"center center","background-size":"auto","background-attachment":"scroll","background-type":"","background-media":"","overlay-type":"","overlay-color":"","overlay-opacity":"","overlay-gradient":""},"mobile":{"background-color":"","background-image":"","background-repeat":"repeat","background-position":"center center","background-size":"auto","background-attachment":"scroll","background-type":"","background-media":"","overlay-type":"","overlay-color":"","overlay-opacity":"","overlay-gradient":""}},"ast-content-background-meta":{"desktop":{"background-color":"var(--ast-global-color-5)","background-image":"","background-repeat":"repeat","background-position":"center center","background-size":"auto","background-attachment":"scroll","background-type":"","background-media":"","overlay-type":"","overlay-color":"","overlay-opacity":"","overlay-gradient":""},"tablet":{"background-color":"var(--ast-global-color-5)","background-image":"","background-repeat":"repeat","background-position":"center center","background-size":"auto","background-attachment":"scroll","background-type":"","background-media":"","overlay-type":"","overlay-color":"","overlay-opacity":"","overlay-gradient":""},"mobile":{"background-color":"var(--ast-global-color-5)","background-image":"","background-repeat":"repeat","background-position":"center center","background-size":"auto","background-attachment":"scroll","background-type":"","background-media":"","overlay-type":"","overlay-color":"","overlay-opacity":"","overlay-gradient":""}}},"product_brand":[],"product_cat":[57],"product_tag":[],"class_list":{"0":"post-204","1":"product","2":"type-product","3":"status-publish","4":"has-post-thumbnail","6":"product_cat-torby","7":"desktop-align-left","8":"tablet-align-left","9":"mobile-align-left","10":"ast-product-gallery-layout-horizontal","11":"ast-magnify-disabled","12":"ast-product-tabs-layout-horizontal","14":"first","15":"instock","16":"featured","17":"shipping-taxable","18":"purchasable","19":"product-type-simple"},"uagb_featured_image_src":{"full":["https:\/\/nicolsport.pl\/wp-content\/uploads\/2014\/07\/torba-srednia.jpg",800,800,false],"thumbnail":["https:\/\/nicolsport.pl\/wp-content\/uploads\/2014\/07\/torba-srednia.jpg",96,96,false],"medium":["https:\/\/nicolsport.pl\/wp-content\/uploads\/2014\/07\/torba-srednia.jpg",800,800,false],"medium_large":["https:\/\/nicolsport.pl\/wp-content\/uploads\/2014\/07\/torba-srednia.jpg",768,768,false],"large":["https:\/\/nicolsport.pl\/wp-content\/uploads\/2014\/07\/torba-srednia.jpg",800,800,false],"gs-tiny":["https:\/\/nicolsport.pl\/wp-content\/uploads\/2014\/07\/torba-srednia.jpg",50,50,false],"xl":["https:\/\/nicolsport.pl\/wp-content\/uploads\/2014\/07\/torba-srednia.jpg",800,800,false],"xxl":["https:\/\/nicolsport.pl\/wp-content\/uploads\/2014\/07\/torba-srednia.jpg",800,800,false],"xxxl":["https:\/\/nicolsport.pl\/wp-content\/uploads\/2014\/07\/torba-srednia.jpg",800,800,false],"xxxxl":["https:\/\/nicolsport.pl\/wp-content\/uploads\/2014\/07\/torba-srednia.jpg",800,800,false],"xxxxxl":["https:\/\/nicolsport.pl\/wp-content\/uploads\/2014\/07\/torba-srednia.jpg",800,800,false],"1536x1536":["https:\/\/nicolsport.pl\/wp-content\/uploads\/2014\/07\/torba-srednia.jpg",800,800,false],"2048x2048":["https:\/\/nicolsport.pl\/wp-content\/uploads\/2014\/07\/torba-srednia.jpg",800,800,false],"trp-custom-language-flag":["https:\/\/nicolsport.pl\/wp-content\/uploads\/2014\/07\/torba-srednia.jpg",12,12,false],"woocommerce_thumbnail":["https:\/\/nicolsport.pl\/wp-content\/uploads\/2014\/07\/torba-srednia-350x350.jpg",350,350,true],"woocommerce_single":["https:\/\/nicolsport.pl\/wp-content\/uploads\/2014\/07\/torba-srednia-600x600.jpg",600,600,true],"woocommerce_gallery_thumbnail":["https:\/\/nicolsport.pl\/wp-content\/uploads\/2014\/07\/torba-srednia-100x100.jpg",100,100,true],"variation_swatches_image_size":["https:\/\/nicolsport.pl\/wp-content\/uploads\/2014\/07\/torba-srednia.jpg",50,50,false],"variation_swatches_tooltip_size":["https:\/\/nicolsport.pl\/wp-content\/uploads\/2014\/07\/torba-srednia.jpg",100,100,false],"dgwt-wcas-product-suggestion":["https:\/\/nicolsport.pl\/wp-content\/uploads\/2014\/07\/torba-srednia.jpg",64,64,false]},"uagb_author_info":{"display_name":"kamil","author_link":"https:\/\/nicolsport.pl\/en\/author\/"},"uagb_comment_info":0,"uagb_excerpt":"Torba szermiercza na k\u00f3\u0142kach z dodatkow\u0105 kieszeni\u0105 w \u015brodku. d\u0142ugo\u015b\u0107 115 cm, szeroko\u015b\u0107: 26 cm. Przy zam\u00f3wieniu prosz\u0119 pyta\u0107 o dost\u0119pno\u015b\u0107 koloru. Zdj\u0119cia toreb s\u0105 przyk\u0142adowe.","_links":{"self":[{"href":"https:\/\/nicolsport.pl\/en\/wp-json\/wp\/v2\/product\/204","targetHints":{"allow":["GET"]}}],"collection":[{"href":"https:\/\/nicolsport.pl\/en\/wp-json\/wp\/v2\/product"}],"about":[{"href":"https:\/\/nicolsport.pl\/en\/wp-json\/wp\/v2\/types\/product"}],"replies":[{"embeddable":true,"href":"https:\/\/nicolsport.pl\/en\/wp-json\/wp\/v2\/comments?post=204"}],"wp:featuredmedia":[{"embeddable":true,"href":"https:\/\/nicolsport.pl\/en\/wp-json\/wp\/v2\/media\/1431"}],"wp:attachment":[{"href":"https:\/\/nicolsport.pl\/en\/wp-json\/wp\/v2\/media?parent=204"}],"wp:term":[{"taxonomy":"product_brand","embeddable":true,"href":"https:\/\/nicolsport.pl\/en\/wp-json\/wp\/v2\/product_brand?post=204"},{"taxonomy":"product_cat","embeddable":true,"href":"https:\/\/nicolsport.pl\/en\/wp-json\/wp\/v2\/product_cat?post=204"},{"taxonomy":"product_tag","embeddable":true,"href":"https:\/\/nicolsport.pl\/en\/wp-json\/wp\/v2\/product_tag?post=204"}],"curies":[{"name":"wp","href":"https:\/\/api.w.org\/{rel}","templated":true}]}}