{"id":986,"date":"2014-08-03T23:25:26","date_gmt":"2014-08-03T21:25:26","guid":{"rendered":"http:\/\/sklepnicol.netmonster.pl\/?post_type=product&#038;p=986"},"modified":"2026-03-15T16:01:21","modified_gmt":"2026-03-15T15:01:21","slug":"buty-szermiercze-artos-fechtschuhe-artos","status":"publish","type":"product","link":"https:\/\/nicolsport.pl\/en\/product\/buty-szermiercze-artos-fechtschuhe-artos\/","title":{"rendered":"Fencing shoes Do-win \/ Fechtschuhe Do-win"},"content":{"rendered":"","protected":false},"excerpt":{"rendered":"<p>Do-win shoes have a reinforced heel and a sole with increased grip.<\/p>","protected":false},"featured_media":8318,"comment_status":"closed","ping_status":"closed","template":"","meta":{"_uag_custom_page_level_css":"","site-sidebar-layout":"default","site-content-layout":"default","ast-site-content-layout":"default","site-content-style":"default","site-sidebar-style":"default","ast-global-header-display":"","ast-banner-title-visibility":"","ast-main-header-display":"","ast-hfb-above-header-display":"","ast-hfb-below-header-display":"","ast-hfb-mobile-header-display":"","site-post-title":"","ast-breadcrumbs-content":"","ast-featured-img":"","footer-sml-layout":"","ast-disable-related-posts":"","theme-transparent-header-meta":"default","adv-header-id-meta":"","stick-header-meta":"default","header-above-stick-meta":"","header-main-stick-meta":"","header-below-stick-meta":"","astra-migrate-meta-layouts":"set","ast-page-background-enabled":"default","ast-page-background-meta":{"desktop":{"background-color":"","background-image":"","background-repeat":"repeat","background-position":"center center","background-size":"auto","background-attachment":"scroll","background-type":"","background-media":"","overlay-type":"","overlay-color":"","overlay-opacity":"","overlay-gradient":""},"tablet":{"background-color":"","background-image":"","background-repeat":"repeat","background-position":"center center","background-size":"auto","background-attachment":"scroll","background-type":"","background-media":"","overlay-type":"","overlay-color":"","overlay-opacity":"","overlay-gradient":""},"mobile":{"background-color":"","background-image":"","background-repeat":"repeat","background-position":"center center","background-size":"auto","background-attachment":"scroll","background-type":"","background-media":"","overlay-type":"","overlay-color":"","overlay-opacity":"","overlay-gradient":""}},"ast-content-background-meta":{"desktop":{"background-color":"var(--ast-global-color-5)","background-image":"","background-repeat":"repeat","background-position":"center center","background-size":"auto","background-attachment":"scroll","background-type":"","background-media":"","overlay-type":"","overlay-color":"","overlay-opacity":"","overlay-gradient":""},"tablet":{"background-color":"var(--ast-global-color-5)","background-image":"","background-repeat":"repeat","background-position":"center center","background-size":"auto","background-attachment":"scroll","background-type":"","background-media":"","overlay-type":"","overlay-color":"","overlay-opacity":"","overlay-gradient":""},"mobile":{"background-color":"var(--ast-global-color-5)","background-image":"","background-repeat":"repeat","background-position":"center center","background-size":"auto","background-attachment":"scroll","background-type":"","background-media":"","overlay-type":"","overlay-color":"","overlay-opacity":"","overlay-gradient":""}}},"product_brand":[],"product_cat":[73],"product_tag":[],"class_list":{"0":"post-986","1":"product","2":"type-product","3":"status-publish","4":"has-post-thumbnail","6":"product_cat-buty","7":"pa_rozmiar-obuwia-116","8":"pa_rozmiar-obuwia-106","9":"pa_rozmiar-obuwia-107","10":"pa_rozmiar-obuwia-108","11":"pa_rozmiar-obuwia-109","12":"pa_rozmiar-obuwia-110","13":"pa_rozmiar-obuwia-111","14":"pa_rozmiar-obuwia-112","15":"pa_rozmiar-obuwia-113","16":"pa_rozmiar-obuwia-114","17":"pa_rozmiar-obuwia-115","18":"pa_rozmiar-obuwia-46-2","19":"desktop-align-left","20":"tablet-align-left","21":"mobile-align-left","22":"ast-product-gallery-layout-horizontal","23":"ast-product-gallery-with-no-image","24":"ast-magnify-disabled","25":"ast-product-single-variable","26":"ast-product-tabs-layout-horizontal","28":"first","29":"instock","30":"shipping-taxable","31":"purchasable","32":"product-type-variable","33":"has-default-attributes"},"uagb_featured_image_src":{"full":["https:\/\/nicolsport.pl\/wp-content\/uploads\/2014\/08\/Buty-szermiercze-Do-win.png",1000,1000,false],"thumbnail":["https:\/\/nicolsport.pl\/wp-content\/uploads\/2014\/08\/Buty-szermiercze-Do-win.png",96,96,false],"medium":["https:\/\/nicolsport.pl\/wp-content\/uploads\/2014\/08\/Buty-szermiercze-Do-win.png",1000,1000,false],"medium_large":["https:\/\/nicolsport.pl\/wp-content\/uploads\/2014\/08\/Buty-szermiercze-Do-win-768x768.png",768,768,true],"large":["https:\/\/nicolsport.pl\/wp-content\/uploads\/2014\/08\/Buty-szermiercze-Do-win.png",1000,1000,false],"gs-tiny":["https:\/\/nicolsport.pl\/wp-content\/uploads\/2014\/08\/Buty-szermiercze-Do-win.png",50,50,false],"xl":["https:\/\/nicolsport.pl\/wp-content\/uploads\/2014\/08\/Buty-szermiercze-Do-win.png",1000,1000,false],"xxl":["https:\/\/nicolsport.pl\/wp-content\/uploads\/2014\/08\/Buty-szermiercze-Do-win.png",1000,1000,false],"xxxl":["https:\/\/nicolsport.pl\/wp-content\/uploads\/2014\/08\/Buty-szermiercze-Do-win.png",1000,1000,false],"xxxxl":["https:\/\/nicolsport.pl\/wp-content\/uploads\/2014\/08\/Buty-szermiercze-Do-win.png",1000,1000,false],"xxxxxl":["https:\/\/nicolsport.pl\/wp-content\/uploads\/2014\/08\/Buty-szermiercze-Do-win.png",1000,1000,false],"1536x1536":["https:\/\/nicolsport.pl\/wp-content\/uploads\/2014\/08\/Buty-szermiercze-Do-win.png",1000,1000,false],"2048x2048":["https:\/\/nicolsport.pl\/wp-content\/uploads\/2014\/08\/Buty-szermiercze-Do-win.png",1000,1000,false],"trp-custom-language-flag":["https:\/\/nicolsport.pl\/wp-content\/uploads\/2014\/08\/Buty-szermiercze-Do-win.png",12,12,false],"woocommerce_thumbnail":["https:\/\/nicolsport.pl\/wp-content\/uploads\/2014\/08\/Buty-szermiercze-Do-win-350x350.png",350,350,true],"woocommerce_single":["https:\/\/nicolsport.pl\/wp-content\/uploads\/2014\/08\/Buty-szermiercze-Do-win-600x600.png",600,600,true],"woocommerce_gallery_thumbnail":["https:\/\/nicolsport.pl\/wp-content\/uploads\/2014\/08\/Buty-szermiercze-Do-win-100x100.png",100,100,true],"variation_swatches_image_size":["https:\/\/nicolsport.pl\/wp-content\/uploads\/2014\/08\/Buty-szermiercze-Do-win.png",50,50,false],"variation_swatches_tooltip_size":["https:\/\/nicolsport.pl\/wp-content\/uploads\/2014\/08\/Buty-szermiercze-Do-win.png",100,100,false],"dgwt-wcas-product-suggestion":["https:\/\/nicolsport.pl\/wp-content\/uploads\/2014\/08\/Buty-szermiercze-Do-win-64x64.png",64,64,true]},"uagb_author_info":{"display_name":"kamil","author_link":"https:\/\/nicolsport.pl\/en\/author\/"},"uagb_comment_info":0,"uagb_excerpt":"Buty Do-win s\u0105 ze wzmocnion\u0105 pi\u0119t\u0105 i podeszw\u0105 o podwy\u017cszonej przyczepno\u015bci.","_links":{"self":[{"href":"https:\/\/nicolsport.pl\/en\/wp-json\/wp\/v2\/product\/986","targetHints":{"allow":["GET"]}}],"collection":[{"href":"https:\/\/nicolsport.pl\/en\/wp-json\/wp\/v2\/product"}],"about":[{"href":"https:\/\/nicolsport.pl\/en\/wp-json\/wp\/v2\/types\/product"}],"replies":[{"embeddable":true,"href":"https:\/\/nicolsport.pl\/en\/wp-json\/wp\/v2\/comments?post=986"}],"wp:featuredmedia":[{"embeddable":true,"href":"https:\/\/nicolsport.pl\/en\/wp-json\/wp\/v2\/media\/8318"}],"wp:attachment":[{"href":"https:\/\/nicolsport.pl\/en\/wp-json\/wp\/v2\/media?parent=986"}],"wp:term":[{"taxonomy":"product_brand","embeddable":true,"href":"https:\/\/nicolsport.pl\/en\/wp-json\/wp\/v2\/product_brand?post=986"},{"taxonomy":"product_cat","embeddable":true,"href":"https:\/\/nicolsport.pl\/en\/wp-json\/wp\/v2\/product_cat?post=986"},{"taxonomy":"product_tag","embeddable":true,"href":"https:\/\/nicolsport.pl\/en\/wp-json\/wp\/v2\/product_tag?post=986"}],"curies":[{"name":"wp","href":"https:\/\/api.w.org\/{rel}","templated":true}]}}